{"id":1347,"date":"2026-03-19T10:27:14","date_gmt":"2026-03-19T10:27:14","guid":{"rendered":"https:\/\/nysnoinvest.no\/?page_id=1347"},"modified":"2026-04-09T08:29:44","modified_gmt":"2026-04-09T08:29:44","slug":"styret","status":"publish","type":"page","link":"https:\/\/nysnoinvest.no\/no\/selskapsstyring\/styret\/","title":{"rendered":"Styret"},"content":{"rendered":"\n<section class=\"global-px page-header has-background has-white-background-color\">\n    <div class=\"global-blocks-container \">\n        <div class=\"page-header__container\">\n                        <h1 data-acf-inline-contenteditable=\"1\" data-acf-inline-contenteditable-field-slug=\"long_title\" data-acf-placeholder=\"Type to edit...\" >Styret<\/h1>\n                                <\/div>\n    <\/div>\n<\/section>\n\n<section class=\"board global-px\">\n    <div class=\"global-blocks-container board__container\">\n\n            <p class=\"intro mb-0!\" data-acf-inline-contenteditable=\"1\" data-acf-inline-contenteditable-field-slug=\"intro\" data-acf-placeholder=\"Type to edit...\" >Nysn\u00f8 har et bredt sammensatt styre med mange \u00e5rs erfaring fra b\u00e5de finans, teknologi og innovasjon.<\/p>\n            \n                    <div class=\"board__list-container\">\n                            <div class=\"board__item\">\n                    <div class=\"board__image-wrapper\">\n                                                    <img loading=\"lazy\" decoding=\"async\" width=\"926\" height=\"1440\" src=\"https:\/\/nysnoinvest.no\/wp-content\/uploads\/2026\/02\/DSC04174-1-926x1440.jpg\" class=\"board__image\" alt=\"\" srcset=\"https:\/\/nysnoinvest.no\/wp-content\/uploads\/2026\/02\/DSC04174-1-926x1440.jpg 926w, https:\/\/nysnoinvest.no\/wp-content\/uploads\/2026\/02\/DSC04174-1-617x960.jpg 617w, https:\/\/nysnoinvest.no\/wp-content\/uploads\/2026\/02\/DSC04174-1-768x1195.jpg 768w, https:\/\/nysnoinvest.no\/wp-content\/uploads\/2026\/02\/DSC04174-1-987x1536.jpg 987w, https:\/\/nysnoinvest.no\/wp-content\/uploads\/2026\/02\/DSC04174-1-1317x2048.jpg 1317w, https:\/\/nysnoinvest.no\/wp-content\/uploads\/2026\/02\/DSC04174-1-scaled.jpg 1646w\" sizes=\"auto, (max-width: 926px) 100vw, 926px\" \/>                                            <\/div>\n                    <div class=\"board__text\">\n                        <div>\n                            <h3>Per Arne Jensen<\/h3>\n                            <div class=\"microcopy italic\">\n                                Styreleder \n                            <\/div>\n                        <\/div>\n                        <div class=\"microcopy\">\n                            Per Arne er utdannet sivilingeni\u00f8r innenfor programvare fra NTNU og sivil\u00f8konom i strategi og finans fra NHH. Han har 15 \u00e5r som Senior Partner innenfor Private Equity. Han driver i dag sin egen r\u00e5dgivningsvirksomhet innenfor teknologi, finans og strategi. Han sitter i flere styrer med fokus p\u00e5 teknologi og energi i privat n\u00e6ringsliv. Han har ogs\u00e5 v\u00e6rt administrerende direkt\u00f8r i porselensprodusenten Figgjo, hvor han ledet omleggingen av selskapets strategi og globale ekspansjon. Han har ogs\u00e5 erfaring fra forskningssektoren i NORCE.                        <\/div>\n                    <\/div>\n                <\/div>\n                                <div class=\"board__item\">\n                    <div class=\"board__image-wrapper\">\n                                                    <img loading=\"lazy\" decoding=\"async\" width=\"1229\" height=\"1440\" src=\"https:\/\/nysnoinvest.no\/wp-content\/uploads\/2026\/03\/DSC04104-1-1229x1440.jpg\" class=\"board__image\" alt=\"\" srcset=\"https:\/\/nysnoinvest.no\/wp-content\/uploads\/2026\/03\/DSC04104-1-1229x1440.jpg 1229w, https:\/\/nysnoinvest.no\/wp-content\/uploads\/2026\/03\/DSC04104-1-820x960.jpg 820w, https:\/\/nysnoinvest.no\/wp-content\/uploads\/2026\/03\/DSC04104-1-768x900.jpg 768w, https:\/\/nysnoinvest.no\/wp-content\/uploads\/2026\/03\/DSC04104-1-1311x1536.jpg 1311w, https:\/\/nysnoinvest.no\/wp-content\/uploads\/2026\/03\/DSC04104-1-1748x2048.jpg 1748w\" sizes=\"auto, (max-width: 1229px) 100vw, 1229px\" \/>                                            <\/div>\n                    <div class=\"board__text\">\n                        <div>\n                            <h3>Ingrid Von Streng Velken<\/h3>\n                            <div class=\"microcopy italic\">\n                                Styremedlem \n                            <\/div>\n                        <\/div>\n                        <div class=\"microcopy\">\n                            Ingrid har en mastergrad i industriell \u00f8konomi fra NTNU. Hun har erfaring som konsulent i Boston Consulting Group hvor hun de siste \u00e5rene hadde rollen som Global manager Sustainability. Ingrid har v\u00e6rt en del av konsernledelsen i fornybarselskapet Eviny siden 2016 der hun tidligere ledet innovasjon og utvikling og n\u00e5 har rollen som konserndirekt\u00f8r for elektrifisering og teknologi. Hun har ogs\u00e5 hatt styreverv i Norsk klimastiftelse og GC Rieber Shipping.                        <\/div>\n                    <\/div>\n                <\/div>\n                                <div class=\"board__item\">\n                    <div class=\"board__image-wrapper\">\n                                                    <img loading=\"lazy\" decoding=\"async\" width=\"1047\" height=\"1440\" src=\"https:\/\/nysnoinvest.no\/wp-content\/uploads\/2026\/03\/DSC04095-2-2-1-1047x1440.jpg\" class=\"board__image\" alt=\"\" srcset=\"https:\/\/nysnoinvest.no\/wp-content\/uploads\/2026\/03\/DSC04095-2-2-1-1047x1440.jpg 1047w, https:\/\/nysnoinvest.no\/wp-content\/uploads\/2026\/03\/DSC04095-2-2-1-698x960.jpg 698w, https:\/\/nysnoinvest.no\/wp-content\/uploads\/2026\/03\/DSC04095-2-2-1-768x1056.jpg 768w, https:\/\/nysnoinvest.no\/wp-content\/uploads\/2026\/03\/DSC04095-2-2-1-1117x1536.jpg 1117w, https:\/\/nysnoinvest.no\/wp-content\/uploads\/2026\/03\/DSC04095-2-2-1-1489x2048.jpg 1489w, https:\/\/nysnoinvest.no\/wp-content\/uploads\/2026\/03\/DSC04095-2-2-1-scaled.jpg 1861w\" sizes=\"auto, (max-width: 1047px) 100vw, 1047px\" \/>                                            <\/div>\n                    <div class=\"board__text\">\n                        <div>\n                            <h3>Murshid M. Ali<\/h3>\n                            <div class=\"microcopy italic\">\n                                Styremedlem \n                            <\/div>\n                        <\/div>\n                        <div class=\"microcopy\">\n                            Murshid har en doktorgrad i \u00f8konomi og ledelse fra Universitetet i Stavanger (UiS), med spesialisering innen innovasjon, og en mastergrad i International Business (MIB) fra Grenoble Ecole de Management i Frankrike. \r\n\r\nHan har lang erfaring med \u00e5 bygge oppstartsselskaper, fra tidlig fase, til internasjonal skalering. To av disse er innen klimateknologi, Norsk Renewables og Skyfri Group. Han har ogs\u00e5 investert bredt i teknologiselskaper i Norge, og i utlandet.                        <\/div>\n                    <\/div>\n                <\/div>\n                                <div class=\"board__item\">\n                    <div class=\"board__image-wrapper\">\n                                                    <img loading=\"lazy\" decoding=\"async\" width=\"1004\" height=\"1440\" src=\"https:\/\/nysnoinvest.no\/wp-content\/uploads\/2026\/02\/DSC04075-3-1004x1440.jpg\" class=\"board__image\" alt=\"\" srcset=\"https:\/\/nysnoinvest.no\/wp-content\/uploads\/2026\/02\/DSC04075-3-1004x1440.jpg 1004w, https:\/\/nysnoinvest.no\/wp-content\/uploads\/2026\/02\/DSC04075-3-669x960.jpg 669w, https:\/\/nysnoinvest.no\/wp-content\/uploads\/2026\/02\/DSC04075-3-768x1102.jpg 768w, https:\/\/nysnoinvest.no\/wp-content\/uploads\/2026\/02\/DSC04075-3-1071x1536.jpg 1071w, https:\/\/nysnoinvest.no\/wp-content\/uploads\/2026\/02\/DSC04075-3-1428x2048.jpg 1428w, https:\/\/nysnoinvest.no\/wp-content\/uploads\/2026\/02\/DSC04075-3-scaled.jpg 1785w\" sizes=\"auto, (max-width: 1004px) 100vw, 1004px\" \/>                                            <\/div>\n                    <div class=\"board__text\">\n                        <div>\n                            <h3>Mariann \u00d8deg\u00e5rd<\/h3>\n                            <div class=\"microcopy italic\">\n                                Styremedlem \n                            <\/div>\n                        <\/div>\n                        <div class=\"microcopy\">\n                            Mariann har hovedfag i informatikk fra Universitetet i Oslo (UiO) og en mastergrad innenfor ledelse fra BI Norwegian Business School, samt lederutdanning fra INSEAD i Frankrike. Hun har lang erfaring fra investeringsbransjen og jobber for tiden som ass. forskningsdirekt\u00f8r for innovasjon og industri utvikling ved Forsvarets Forskningsinstitutt (FFI).                        <\/div>\n                    <\/div>\n                <\/div>\n                                <div class=\"board__item\">\n                    <div class=\"board__image-wrapper\">\n                                                    <img loading=\"lazy\" decoding=\"async\" width=\"1261\" height=\"1440\" src=\"https:\/\/nysnoinvest.no\/wp-content\/uploads\/2026\/03\/DSC04140-1-1261x1440.jpg\" class=\"board__image\" alt=\"\" srcset=\"https:\/\/nysnoinvest.no\/wp-content\/uploads\/2026\/03\/DSC04140-1-1261x1440.jpg 1261w, https:\/\/nysnoinvest.no\/wp-content\/uploads\/2026\/03\/DSC04140-1-841x960.jpg 841w, https:\/\/nysnoinvest.no\/wp-content\/uploads\/2026\/03\/DSC04140-1-768x877.jpg 768w, https:\/\/nysnoinvest.no\/wp-content\/uploads\/2026\/03\/DSC04140-1-1345x1536.jpg 1345w, https:\/\/nysnoinvest.no\/wp-content\/uploads\/2026\/03\/DSC04140-1-1793x2048.jpg 1793w\" sizes=\"auto, (max-width: 1261px) 100vw, 1261px\" \/>                                            <\/div>\n                    <div class=\"board__text\">\n                        <div>\n                            <h3>Trond Solberg<\/h3>\n                            <div class=\"microcopy italic\">\n                                Styremedlem \n                            <\/div>\n                        <\/div>\n                        <div class=\"microcopy\">\n                            Trond er utdannet sivil\u00f8konom fra Handelsh\u00f8yskolen BI. Han har lang erfaring fra investeringer og aktivt eierskap gjennom f\u00f8rst 20 \u00e5r i Ferd og siden 2023 i det familieeide investeringsselskapet Farvatn. Han har ogs\u00e5 bred styreerfaring fra en rekke styreverv innen blant annet industri, konsum og helse.                        <\/div>\n                    <\/div>\n                <\/div>\n                            <\/div>                \n                            \n\n    <\/div>\n<\/section>\n","protected":false},"excerpt":{"rendered":"","protected":false},"author":2,"featured_media":0,"parent":906,"menu_order":0,"comment_status":"closed","ping_status":"closed","template":"","meta":{"_acf_changed":false,"footnotes":""},"class_list":["post-1347","page","type-page","status-publish","hentry"],"acf":[],"_links":{"self":[{"href":"https:\/\/nysnoinvest.no\/no\/wp-json\/wp\/v2\/pages\/1347","targetHints":{"allow":["GET"]}}],"collection":[{"href":"https:\/\/nysnoinvest.no\/no\/wp-json\/wp\/v2\/pages"}],"about":[{"href":"https:\/\/nysnoinvest.no\/no\/wp-json\/wp\/v2\/types\/page"}],"author":[{"embeddable":true,"href":"https:\/\/nysnoinvest.no\/no\/wp-json\/wp\/v2\/users\/2"}],"replies":[{"embeddable":true,"href":"https:\/\/nysnoinvest.no\/no\/wp-json\/wp\/v2\/comments?post=1347"}],"version-history":[{"count":0,"href":"https:\/\/nysnoinvest.no\/no\/wp-json\/wp\/v2\/pages\/1347\/revisions"}],"up":[{"embeddable":true,"href":"https:\/\/nysnoinvest.no\/no\/wp-json\/wp\/v2\/pages\/906"}],"wp:attachment":[{"href":"https:\/\/nysnoinvest.no\/no\/wp-json\/wp\/v2\/media?parent=1347"}],"curies":[{"name":"wp","href":"https:\/\/api.w.org\/{rel}","templated":true}]}}