{"id":900,"date":"2026-02-19T14:14:53","date_gmt":"2026-02-19T14:14:53","guid":{"rendered":"https:\/\/nysnoinvest.no\/forside\/"},"modified":"2026-04-20T11:26:15","modified_gmt":"2026-04-20T11:26:15","slug":"forside","status":"publish","type":"page","link":"https:\/\/nysnoinvest.no\/no\/","title":{"rendered":"Forside"},"content":{"rendered":"\n<section class=\"hero has-text-color has-accent-mauvelous-300-color wp-elements-d0b9cd9989836b4f1adb0d0f6f495730\">\n    <div class=\"hero__media\">\n        <img loading=\"lazy\" decoding=\"async\" width=\"1440\" height=\"960\" src=\"https:\/\/nysnoinvest.no\/wp-content\/uploads\/2026\/03\/NEF-1-Aneo-Roan-vindpark-Credit-Torstein-Kiserud-3-1440x960.jpg\" class=\"hero__media-image\" alt=\"\" srcset=\"https:\/\/nysnoinvest.no\/wp-content\/uploads\/2026\/03\/NEF-1-Aneo-Roan-vindpark-Credit-Torstein-Kiserud-3-1440x960.jpg 1440w, https:\/\/nysnoinvest.no\/wp-content\/uploads\/2026\/03\/NEF-1-Aneo-Roan-vindpark-Credit-Torstein-Kiserud-3-960x640.jpg 960w, https:\/\/nysnoinvest.no\/wp-content\/uploads\/2026\/03\/NEF-1-Aneo-Roan-vindpark-Credit-Torstein-Kiserud-3-768x512.jpg 768w, https:\/\/nysnoinvest.no\/wp-content\/uploads\/2026\/03\/NEF-1-Aneo-Roan-vindpark-Credit-Torstein-Kiserud-3-1536x1024.jpg 1536w, https:\/\/nysnoinvest.no\/wp-content\/uploads\/2026\/03\/NEF-1-Aneo-Roan-vindpark-Credit-Torstein-Kiserud-3-2048x1365.jpg 2048w\" sizes=\"auto, (max-width: 1440px) 100vw, 1440px\" \/>        <video class=\"hero__media-video\" loop autoplay playsinline muted>\n            <source src=\"https:\/\/nysnoinvest.no\/wp-content\/uploads\/2026\/03\/Saga-1.mp4\" type=\"video\/mp4\" \/>\n        <\/video>\n        <img loading=\"lazy\" decoding=\"async\" width=\"1440\" height=\"1079\" src=\"https:\/\/nysnoinvest.no\/wp-content\/uploads\/2026\/03\/GettyImages-1131621310-1-1440x1079.jpg\" class=\"hero__media-image\" alt=\"\" srcset=\"https:\/\/nysnoinvest.no\/wp-content\/uploads\/2026\/03\/GettyImages-1131621310-1-1440x1079.jpg 1440w, https:\/\/nysnoinvest.no\/wp-content\/uploads\/2026\/03\/GettyImages-1131621310-1-960x720.jpg 960w, https:\/\/nysnoinvest.no\/wp-content\/uploads\/2026\/03\/GettyImages-1131621310-1-768x576.jpg 768w, https:\/\/nysnoinvest.no\/wp-content\/uploads\/2026\/03\/GettyImages-1131621310-1-1536x1151.jpg 1536w, https:\/\/nysnoinvest.no\/wp-content\/uploads\/2026\/03\/GettyImages-1131621310-1-2048x1535.jpg 2048w\" sizes=\"auto, (max-width: 1440px) 100vw, 1440px\" \/>        <img loading=\"lazy\" decoding=\"async\" width=\"1440\" height=\"960\" src=\"https:\/\/nysnoinvest.no\/wp-content\/uploads\/2026\/03\/DSC04185-Edit-1-1-1440x960.jpg\" class=\"hero__media-image\" alt=\"\" srcset=\"https:\/\/nysnoinvest.no\/wp-content\/uploads\/2026\/03\/DSC04185-Edit-1-1-1440x960.jpg 1440w, https:\/\/nysnoinvest.no\/wp-content\/uploads\/2026\/03\/DSC04185-Edit-1-1-960x640.jpg 960w, https:\/\/nysnoinvest.no\/wp-content\/uploads\/2026\/03\/DSC04185-Edit-1-1-768x512.jpg 768w, https:\/\/nysnoinvest.no\/wp-content\/uploads\/2026\/03\/DSC04185-Edit-1-1-1536x1024.jpg 1536w, https:\/\/nysnoinvest.no\/wp-content\/uploads\/2026\/03\/DSC04185-Edit-1-1-2048x1365.jpg 2048w\" sizes=\"auto, (max-width: 1440px) 100vw, 1440px\" \/>    <\/div>\n    <div class=\"hero__overlay\"><\/div>\n    <div class=\"hero__texts\">\n        <div class=\"hero__anims-mask\">\n            <div class=\"hero__anims\">\n                    <div class=\"hero__text-item\">\n                Vi gir kraft til ny vekst             <\/div>\n                    <div class=\"hero__text-item\">\n                Vi investerer for fremtiden             <\/div>\n                    <div class=\"hero__text-item\">\n                            <\/div>\n                    <\/div>\n        <\/div>\n    <\/div>\n<\/section>\n\n\n<section class=\"strategy\">\n    <div class=\"strategy__container\">\n        <div class=\"strategy__header\">\n            <h1 class=\"mega\">\n                V\u00e5rt oppdrag er \u00e5 gj\u00f8re langsiktige investeringer som bidrar til klimagassreduksjon            <\/h1>\n            <div>\n                <a class=\"button-secondary strategy__button\" href=\"https:\/\/nysnoinvest.no\/no\/oppdrag\/\">V\u00e5rt oppdrag<\/a>\n            <\/div>\n        <\/div>\n        <div class=\"strategy__stats-container\">\n            <div class=\"strategy__stats-item\" style=\"--delay: 100ms;\">\n                <div class=\"strategy__stats-num\">49<\/div>\n                <h4>Investeringer i direkteselskap og fond<\/h4>\n            <\/div>\n            <div class=\"strategy__stats-item\" style=\"--delay: 150ms;\">\n                <div class=\"strategy__stats-num\">20<\/div>\n                <h4>Antall ansatte<\/h4>\n            <\/div>\n            <div class=\"strategy__stats-item\" style=\"--delay: 200ms;\">\n                <div class=\"strategy__stats-num\">429<\/div>\n                <h4>Selskap vi har bidratt med risikokapital<\/h4>\n            <\/div>\n            <div class=\"strategy__stats-item\" style=\"--delay: 250ms;\">\n                <div class=\"strategy__stats-num\">5.5<\/div>\n                <h4>Kapital under forvaltning (mrd NOK)<\/h4>\n            <\/div>\n        <\/div>\n    <\/div>\n    <div class=\"strategy__logo-container\">\n                    <img loading=\"lazy\" decoding=\"async\" width=\"1430\" height=\"890\" src=\"https:\/\/nysnoinvest.no\/wp-content\/uploads\/2026\/02\/people-room.jpg\" class=\"strategy__image\" alt=\"\" srcset=\"https:\/\/nysnoinvest.no\/wp-content\/uploads\/2026\/02\/people-room.jpg 1430w, https:\/\/nysnoinvest.no\/wp-content\/uploads\/2026\/02\/people-room-300x187.jpg 300w, https:\/\/nysnoinvest.no\/wp-content\/uploads\/2026\/02\/people-room-1024x637.jpg 1024w, https:\/\/nysnoinvest.no\/wp-content\/uploads\/2026\/02\/people-room-768x478.jpg 768w\" sizes=\"auto, (max-width: 1430px) 100vw, 1430px\" \/>                <svg class=\"strategy__logo\" width=\"444\" height=\"428\" viewBox=\"0 0 444 428\" fill=\"none\" xmlns=\"http:\/\/www.w3.org\/2000\/svg\">\n            <defs>\n                <mask id=\"logoMask\">\n                    <path d=\"M400.244 96.7008C414.907 71.0693 423.266 55.4573 435.081 26.7034L371.152 0C362.653 19.0605 357.703 30.152 347.383 49.3057C273.274 3.3554 174.789 8.10888 105.163 67.7138C37.358 125.734 16.8578 218.614 47.398 297.326C32.0345 302.266 16.204 306.693 0 310.561L16.1573 377.762C39.6462 372.123 62.2945 365.506 84.1956 357.909C124.682 404.186 181.653 427.953 238.951 427.953C286.256 427.953 333.794 411.782 372.459 378.694C456.141 307.066 467.769 182.31 400.244 96.6542V96.7008ZM153.635 124.103C178.244 103.039 208.551 92.6929 238.718 92.6929C262.86 92.6929 286.91 99.3571 307.923 112.359C284.621 144.515 258.424 173.129 229.378 197.969C196.083 226.49 158.398 250.537 116.744 270.11C97.4577 220.012 110.533 160.966 153.635 124.103ZM323.987 322.351C276.169 363.315 206.963 363.642 158.912 326.639C237.27 287.586 302.927 233.34 355.555 164.321C382.079 216.703 370.591 282.459 323.987 322.351Z\" fill=\"#FFFFFF\"\/>\n                <\/mask>\n            <\/defs>\n        <\/svg>\n    <\/div>\n<\/section>\n\n<section class=\"portfolio-teaser global-px isolate\">\n    <div class=\"absolute -z-1 top-0 left-0 -translate-1\/2\">\n\n        <div class=\"portfolio-teaser__fallback-logos\">\n            <img decoding=\"async\" class=\"portfolio-teaser__fallback-logo-1\" src=\"https:\/\/nysnoinvest.no\/wp-content\/themes\/nysnoinvest-theme\/images\/blurred-fallback-1.png\" alt=\"blurred logo Q1\">\n            <img decoding=\"async\" class=\"portfolio-teaser__fallback-logo-2\" src=\"https:\/\/nysnoinvest.no\/wp-content\/themes\/nysnoinvest-theme\/images\/blurred-fallback-2.png\" alt=\"blurred logo Q2\">\n        <\/div>\n\n    <\/div>\n    <div class=\"global-blocks-container portfolio-teaser__container\">\n        <div class=\"portfolio-teaser__text\">\n            <h2 data-acf-inline-contenteditable=\"1\" data-acf-inline-contenteditable-field-slug=\"heading\" data-acf-placeholder=\"Type to edit...\"  class=\"my-0\">En portef\u00f8lje av klimal\u00f8sninger<\/h2>\n            <p data-acf-inline-contenteditable=\"1\" data-acf-inline-contenteditable-field-slug=\"text\" data-acf-placeholder=\"Type to edit...\" >Vi investerer i tidligfase selskaper som bidrar til \u00e5 redusere klimagassutslipp. Vi gj\u00f8r b\u00e5de direkte- og fondsinvesteringer, og bygger en portef\u00f8lje som balanserer risiko, avkastning og klimaeffekt.<\/p>\n            <a data-acf-inline-contenteditable=\"1\" data-acf-inline-contenteditable-field-slug=\"link_label\" data-acf-placeholder=\"Type to edit...\"  class=\"button-secondary text-accent-razzmatazz-700 border-accent-razzmatazz-700! border-solid!\" href=\"https:\/\/nysnoinvest.no\/no\/portefolje\/\">Se v\u00e5r portef\u00f8lje<\/a>\n        <\/div>\n        <div class=\"portfolio-teaser__image-wrapper\">\n                            <img decoding=\"async\" width=\"1024\" height=\"683\" src=\"https:\/\/nysnoinvest.no\/wp-content\/uploads\/2026\/03\/DSC02758-1024x683.jpg\" class=\"portfolio-teaser__image\" alt=\"\" loading=\"lazy\" srcset=\"https:\/\/nysnoinvest.no\/wp-content\/uploads\/2026\/03\/DSC02758-1024x683.jpg 1024w, https:\/\/nysnoinvest.no\/wp-content\/uploads\/2026\/03\/DSC02758-300x200.jpg 300w, https:\/\/nysnoinvest.no\/wp-content\/uploads\/2026\/03\/DSC02758-768x512.jpg 768w, https:\/\/nysnoinvest.no\/wp-content\/uploads\/2026\/03\/DSC02758-1536x1024.jpg 1536w, https:\/\/nysnoinvest.no\/wp-content\/uploads\/2026\/03\/DSC02758-2048x1366.jpg 2048w\" sizes=\"auto, (max-width: 1024px) 100vw, 1024px\" \/>                    <\/div>\n    <\/div>\n<\/section>\n\n\n<section class=\"split-image-text\">\n    <div class=\"global-blocks-container split-image-text__container\">\n        <div class=\"split-image-text__image-wrapper\">\n                            <img decoding=\"async\" width=\"2560\" height=\"1673\" src=\"https:\/\/nysnoinvest.no\/wp-content\/uploads\/2026\/03\/2W9A0721-1-scaled.jpg\" class=\"split-image-text__image\" alt=\"\" loading=\"lazy\" srcset=\"https:\/\/nysnoinvest.no\/wp-content\/uploads\/2026\/03\/2W9A0721-1-scaled.jpg 2560w, https:\/\/nysnoinvest.no\/wp-content\/uploads\/2026\/03\/2W9A0721-1-960x628.jpg 960w, https:\/\/nysnoinvest.no\/wp-content\/uploads\/2026\/03\/2W9A0721-1-1440x941.jpg 1440w, https:\/\/nysnoinvest.no\/wp-content\/uploads\/2026\/03\/2W9A0721-1-768x502.jpg 768w, https:\/\/nysnoinvest.no\/wp-content\/uploads\/2026\/03\/2W9A0721-1-1536x1004.jpg 1536w, https:\/\/nysnoinvest.no\/wp-content\/uploads\/2026\/03\/2W9A0721-1-2048x1339.jpg 2048w\" sizes=\"auto, (max-width: 2560px) 100vw, 2560px\" \/>                    <\/div>\n        <div class=\"split-image-text__text\">\n            <p class=\"intro\" data-acf-inline-contenteditable=\"1\" data-acf-inline-contenteditable-field-slug=\"text\" data-acf-placeholder=\"Type to edit...\" >\n                 Vi kombinerer analytisk styrke og investeringsteft med menneskelig varme. Vi st\u00e5r sammen for \u00e5 skape vekst og langsiktige verdier til samfunnet.&nbsp;            <\/p>\n            <div class=\"split-image-text__buttons\">\n                <a href=\"https:\/\/nysnoinvest.no\/no\/team\/\" class=\"button-secondary\" data-acf-inline-contenteditable=\"1\" data-acf-inline-contenteditable-field-slug=\"button_label\" data-acf-placeholder=\"Type to edit...\" >\n                    M\u00f8t Nysn\u00f8-laget                <\/a>\n                                <a href=\"https:\/\/www.linkedin.com\/company\/29038766\/admin\/dashboard\/\" class=\"button-tertiary\">\n                    <svg width=\"24\" height=\"24\" viewBox=\"0 0 24 24\" fill=\"none\" xmlns=\"http:\/\/www.w3.org\/2000\/svg\">\n<path d=\"M23 0H1C0.4 0 0 0.4 0 1V23C0 23.6 0.4 24 1 24H23C23.6 24 24 23.6 24 23V1C24 0.4 23.6 0 23 0ZM7.1 20.5H3.6V9H7.2V20.5H7.1ZM5.3 7.4C4.2 7.4 3.2 6.5 3.2 5.3C3.2 4.2 4.1 3.2 5.3 3.2C6.4 3.2 7.4 4.1 7.4 5.3C7.4 6.5 6.5 7.4 5.3 7.4ZM20.5 20.5H16.9V14.9C16.9 13.6 16.9 11.9 15.1 11.9C13.2 11.9 13 13.3 13 14.8V20.5H9.4V9H12.8V10.6C13.3 9.7 14.4 8.8 16.2 8.8C19.8 8.8 20.5 11.2 20.5 14.3V20.5Z\" fill=\"currentColor\"\/>\n<\/svg>\n                    <span data-acf-inline-contenteditable=\"1\" data-acf-inline-contenteditable-field-slug=\"link_label\" data-acf-placeholder=\"Type to edit...\" >F\u00f8lg oss p\u00e5 Linkedin<\/span>\n                <\/a>\n                            <\/div>\n        <\/div>\n    <\/div>\n<\/section>\n\n\n<section class=\"featured-news \">\n    <div class=\"global-blocks-container featured-news__container\">\n        <div class=\"featured-news__text\">\n            <header class=\"featured-news__header\">\n                <h4>24. mars 2026<\/h4>\n                <h2>Nysn\u00f8 investerer i Lace Lithography<\/h2>\n                <p>Stavanger, 24.03.2026: Nysn\u00f8 Klimainvesteringer investerer i det norske teknologiselskapet\u00a0Lace\u00a0Lithography, som utvikler en ny og mer energieffektiv teknologi for produksjon av mikrobrikker. Investeringen gj\u00f8res sammen med&#8230;<\/p>\n                <a href=\"https:\/\/nysnoinvest.no\/no\/nysno-investerer-i-lace-lithography\/\" class=\"button-tertiary\">\n                    <span>Les mer<\/span> <svg class=\"icon-arrow-right\" width=\"24\" height=\"24\" viewBox=\"0 0 24 24\" fill=\"none\" xmlns=\"http:\/\/www.w3.org\/2000\/svg\">\n<path d=\"M2 12H22\" stroke=\"currentColor\" stroke-width=\"2\" stroke-miterlimit=\"10\"\/>\n<path d=\"M15 5L22 12L15 19\" stroke=\"currentColor\" stroke-width=\"2\" stroke-miterlimit=\"10\" stroke-linecap=\"square\"\/>\n<\/svg>\n                <\/a>\n            <\/header>\n                        <div class=\"featured-news__buttons\">\n                <a href=\"https:\/\/nysnoinvest.no\/no\/nyheter\/\" class=\"button-secondary\">\n                    Flere nyhetssaker                <\/a>\n                <a href=\"https:\/\/open.spotify.com\/show\/65UvzN85RG5vFXhIuvx4jG\" class=\"button-tertiary\">\n                    <svg width=\"24\" height=\"24\" viewBox=\"0 0 24 24\" fill=\"none\" xmlns=\"http:\/\/www.w3.org\/2000\/svg\">\n<path d=\"M23 15V12C23 5.925 18.075 1 12 1C5.925 1 1 5.925 1 12V15\" stroke=\"currentColor\" stroke-width=\"2\" stroke-miterlimit=\"10\" stroke-linecap=\"square\"\/>\n<path d=\"M7 15H1V21C1 22.105 1.895 23 3 23H7V15Z\" stroke=\"currentColor\" stroke-width=\"2\" stroke-miterlimit=\"10\" stroke-linecap=\"square\"\/>\n<path d=\"M23 15H17V23H21C22.105 23 23 22.105 23 21V15Z\" stroke=\"currentColor\" stroke-width=\"2\" stroke-miterlimit=\"10\" stroke-linecap=\"square\"\/>\n<\/svg>\n                    <span data-acf-inline-contenteditable=\"1\" data-acf-inline-contenteditable-field-slug=\"podcast_button_label\" data-acf-placeholder=\"Type to edit...\" >H\u00f8r v\u00e5r podcast Klimaklok<\/span>\n                <\/a>\n            <\/div>\n                    <\/div>\n        <div class=\"featured-news__image-wrapper\">\n                            <img decoding=\"async\" width=\"2560\" height=\"1707\" src=\"https:\/\/nysnoinvest.no\/wp-content\/uploads\/2026\/03\/Lace-C-level-scaled-1.jpg\" class=\"featured-news__image\" alt=\"\" loading=\"lazy\" srcset=\"https:\/\/nysnoinvest.no\/wp-content\/uploads\/2026\/03\/Lace-C-level-scaled-1.jpg 2560w, https:\/\/nysnoinvest.no\/wp-content\/uploads\/2026\/03\/Lace-C-level-scaled-1-960x640.jpg 960w, https:\/\/nysnoinvest.no\/wp-content\/uploads\/2026\/03\/Lace-C-level-scaled-1-1440x960.jpg 1440w, https:\/\/nysnoinvest.no\/wp-content\/uploads\/2026\/03\/Lace-C-level-scaled-1-768x512.jpg 768w, https:\/\/nysnoinvest.no\/wp-content\/uploads\/2026\/03\/Lace-C-level-scaled-1-1536x1024.jpg 1536w, https:\/\/nysnoinvest.no\/wp-content\/uploads\/2026\/03\/Lace-C-level-scaled-1-2048x1366.jpg 2048w\" sizes=\"auto, (max-width: 2560px) 100vw, 2560px\" \/>                    <\/div>\n    <\/div>\n<\/section>\n\n\n\n<section class=\"global-px py-8 page-article  alignfull bg-quill-50\">\n    <div class=\"global-blocks-container page-article__container\">\n        <div class=\"acf-innerblocks-container\">\n\n<h3 class=\"wp-block-heading\"><strong>V\u00e5re rammer og styring<\/strong><br><\/h3>\n\n\n\n<p>Nysn\u00f8 er et investeringsselskap eid av staten. Eierskapet forvaltes av N\u00e6rings- og fiskeridepartementet. Her finner du relevant informasjon om selskapets rammer og styring. <\/p>\n\n\n\n<div class=\"button-group\">\n    <div class=\"acf-innerblocks-container\">\n\n<a href=\"https:\/\/nysnoinvest.no\/no\/selskapsstyring\/\" class=\"button-secondary\">\n    <svg width=\"24\" height=\"24\" viewBox=\"0 0 24 24\" fill=\"none\" xmlns=\"http:\/\/www.w3.org\/2000\/svg\">\n<path d=\"M8 19V20.5C8 22.75 5.5 23 5.5 23C5.5 23 20.329 23 20.5 23C21.881 23 23 21.881 23 20.5V19H8Z\" stroke=\"currentColor\" stroke-width=\"2\" stroke-miterlimit=\"10\" stroke-linecap=\"square\"\/>\n<path d=\"M20 16V1H3V20.5C3 21.881 4.119 23 5.5 23H7\" stroke=\"currentColor\" stroke-width=\"2\" stroke-miterlimit=\"10\" stroke-linecap=\"square\"\/>\n<path d=\"M8 6H15\" stroke=\"currentColor\" stroke-width=\"2\" stroke-miterlimit=\"10\" stroke-linecap=\"square\"\/>\n<path d=\"M8 10H15\" stroke=\"currentColor\" stroke-width=\"2\" stroke-miterlimit=\"10\" stroke-linecap=\"square\"\/>\n<path d=\"M8 14H15\" stroke=\"currentColor\" stroke-width=\"2\" stroke-miterlimit=\"10\" stroke-linecap=\"square\"\/>\n<\/svg>\n    <span data-acf-inline-contenteditable=\"1\" data-acf-inline-contenteditable-field-slug=\"button_label\" data-acf-placeholder=\"Type to edit...\" >\n        Selskapsstyring    <\/span>\n    <\/a>\n<\/div>\n<\/div>\n<\/div>\n    <\/div>\n<\/section>\n\n\n\n<p><\/p>\n","protected":false},"excerpt":{"rendered":"","protected":false},"author":1,"featured_media":0,"parent":0,"menu_order":1,"comment_status":"closed","ping_status":"closed","template":"","meta":{"_acf_changed":true,"footnotes":""},"class_list":["post-900","page","type-page","status-publish","hentry"],"acf":[],"_links":{"self":[{"href":"https:\/\/nysnoinvest.no\/no\/wp-json\/wp\/v2\/pages\/900","targetHints":{"allow":["GET"]}}],"collection":[{"href":"https:\/\/nysnoinvest.no\/no\/wp-json\/wp\/v2\/pages"}],"about":[{"href":"https:\/\/nysnoinvest.no\/no\/wp-json\/wp\/v2\/types\/page"}],"author":[{"embeddable":true,"href":"https:\/\/nysnoinvest.no\/no\/wp-json\/wp\/v2\/users\/1"}],"replies":[{"embeddable":true,"href":"https:\/\/nysnoinvest.no\/no\/wp-json\/wp\/v2\/comments?post=900"}],"version-history":[{"count":0,"href":"https:\/\/nysnoinvest.no\/no\/wp-json\/wp\/v2\/pages\/900\/revisions"}],"wp:attachment":[{"href":"https:\/\/nysnoinvest.no\/no\/wp-json\/wp\/v2\/media?parent=900"}],"curies":[{"name":"wp","href":"https:\/\/api.w.org\/{rel}","templated":true}]}}