{"id":910,"date":"2026-02-19T14:33:22","date_gmt":"2026-02-19T14:33:22","guid":{"rendered":"https:\/\/nysnoinvest.no\/strategi\/"},"modified":"2026-04-10T13:29:21","modified_gmt":"2026-04-10T13:29:21","slug":"oppdrag","status":"publish","type":"page","link":"https:\/\/nysnoinvest.no\/no\/oppdrag\/","title":{"rendered":"V\u00e5rt oppdrag"},"content":{"rendered":"\n<section class=\"global-px page-header\">\n    <div class=\"global-blocks-container \">\n        <div class=\"page-header__container\">\n                        <h1 data-acf-inline-contenteditable=\"1\" data-acf-inline-contenteditable-field-slug=\"long_title\" data-acf-placeholder=\"Type to edit...\" >V\u00e5rt oppdrag<\/h1>\n                        <p class=\"intro\" data-acf-inline-contenteditable=\"1\" data-acf-inline-contenteditable-field-slug=\"intro\" data-acf-placeholder=\"Type to edit...\" >Reduksjon av klimagassutslipp er kjernen i Nysn\u00f8s samfunnsoppdrag. Vi bidrar til at vekstselskaper lykkes kommersielt ved \u00e5 tilf\u00f8re risikokapital til virksomheter som reduserer utslipp og samtidig skaper varige positive ringvirkninger for samfunnet.<\/p>\n                                <\/div>\n    <\/div>\n<\/section>\n\n\n<section class=\"global-px py-8 page-article  alignfull bg-quill-50\">\n    <div class=\"global-blocks-container page-article__container\">\n        <div class=\"acf-innerblocks-container\">\n\n<h2 class=\"wp-block-heading\">Investeringskriterier<\/h2>\n\n\n\n<p>Nysn\u00f8 s\u00f8ker selskaper med en robust og ambisi\u00f8s ledelse, tydelig vekststrategi og en klar plan for \u00e5 utvikle klimavennlig teknologi og l\u00f8sninger. I vurderingen av mulige investeringer vil vi vektlegge:<\/p>\n\n\n\n<ul class=\"wp-block-list\">\n<li><strong>Avkastningsutsikter<\/strong> \u2013 Nysn\u00f8 skal foreta investeringer med h\u00f8yest mulig forventet markedsmessig risikojustert avkastning over tid innenfor b\u00e6rekraftige rammer.<\/li>\n\n\n\n<li><strong>Eiersammensetning<\/strong> \u2013 Nysn\u00f8 investerer alltid sammen med og p\u00e5 like vilk\u00e5r (\u00abpari passu\u00bb) som private investorer. Nysn\u00f8 er en minoritetsaksjon\u00e6r, og private akt\u00f8rer m\u00e5 eie minst 51 prosent i selskaper og fond som Nysn\u00f8 investerer i.<\/li>\n\n\n\n<li><strong>Klimaeffekt<\/strong> \u2013 Virksomheter Nysn\u00f8 investerer i skal direkte eller indirekte bidra til reduserte klimagassutslipp.<\/li>\n\n\n\n<li><strong>Geografi<\/strong> \u2013 Nysn\u00f8 skal investere i selskaper eller fond med virksomhet i eller ut fra Norge.&nbsp;<\/li>\n<\/ul>\n\n<\/div>\n    <\/div>\n<\/section>\n\n\n\n<section class=\"global-px py-8 page-article  alignfull has-background has-accent-mauvelous-300-background-color\">\n    <div class=\"global-blocks-container page-article__container\">\n        <div class=\"acf-innerblocks-container\">\n\n<h2 class=\"wp-block-heading\">Investeringsunivers<\/h2>\n\n\n\n<p>Nysn\u00f8 skal v\u00e6re en langsiktig og t\u00e5lmodig kapitalakt\u00f8r for b\u00e6rekraftig omstilling. Klimautfordringen er global, og krever l\u00f8sninger som kan skaleres p\u00e5 tvers av markeder. De st\u00f8rste utslippene kommer fra sektorer som industri, transport, bygg, landbruk og arealbruk. Vi investerer i teknologier og selskaper som kan bidra til omstilling i disse sektorene.<\/p>\n\n\n\n<p>Lykkes vi, skaper vi b\u00e5de konkurransedyktige selskaper, finansiell avkastning og betydelige reduksjoner i globale klimagassutslipp.<\/p>\n\n<\/div>\n    <\/div>\n<\/section>\n\n\n\n<section class=\"timeline\">\n    <div class=\"global-px\">\n        <div class=\"global-blocks-container\">\n            <div class=\"timeline__text\">\n                <h2 data-acf-inline-contenteditable=\"1\" data-acf-inline-contenteditable-field-slug=\"heading\" data-acf-placeholder=\"Type to edit...\" >V\u00e5r historie<\/h2>\n                <div class=\"acf-innerblocks-container\">\n\n<p>Nysn\u00f8 Klimainvesteringer ble etablert etter at Norge signerte Paris-avtalen. \u2028Innen 2030 skal vi ha kuttet klimagassutslippene i Norge med minst 40 prosent, sammenlignet med utslippsniv\u00e5ene i 1990. Innen 2050 skal vi ikke lenger ha utslipp som bidrar til skadelig global oppvarming. Da kan vi kalle oss et lavutslippssamfunn.<br><br>For \u00e5 komme i m\u00e5l trengs det tiltak som l\u00f8ser klimautfordringen, men som ogs\u00e5 sikrer verdiskaping. Det er her Nysn\u00f8 kommer inn.<\/p>\n\n<\/div>\n            <\/div>\n        <\/div>\n    <\/div>\n    <div class=\"timeline__fades\">\n        <div class=\"timeline__scroll-container\">\n            <div class=\"global-px\">\n                \n                <div class=\"pt-8 lg:pt-12\">&nbsp;<\/div>\n\n                \n                <div class=\"timeline__items\" style=\"--num-items: 6;\">\n\n                \n                    <div class=\"timeline__item\">\n                        <div class=\"timeline__item-content\">\n                            <div class=\"timeline__item-year\">\n                                2015                            <\/div>\n                            <div class=\"timeline__item-text microcopy\">\n                                Norge signerer Paris-avtalen.                                                            <\/div>\n                                                    <\/div>\n                        <div class=\"timeline__item-ghost\"><\/div>\n                    <\/div>\n\n                \n                    <div class=\"timeline__item\">\n                        <div class=\"timeline__item-content\">\n                            <div class=\"timeline__item-year\">\n                                2017                            <\/div>\n                            <div class=\"timeline__item-text microcopy\">\n                                Kapitaltilgangsutvalget vurderer at vi mangler risikokapital i Norge, og Nysn\u00f8 blir opprettet.                                                            <\/div>\n                                                    <\/div>\n                        <div class=\"timeline__item-ghost\"><\/div>\n                    <\/div>\n\n                \n                    <div class=\"timeline__item\">\n                        <div class=\"timeline__item-content\">\n                            <div class=\"timeline__item-year\">\n                                2018                            <\/div>\n                            <div class=\"timeline__item-text microcopy\">\n                                Nysn\u00f8 sin organisasjon kommer p\u00e5 plass, og den f\u00f8rste direkteinvesteringen gjennomf\u00f8res.                                                            <\/div>\n                                                    <\/div>\n                        <div class=\"timeline__item-ghost\"><\/div>\n                    <\/div>\n\n                \n                    <div class=\"timeline__item\">\n                        <div class=\"timeline__item-content\">\n                            <div class=\"timeline__item-year\">\n                                2019                            <\/div>\n                            <div class=\"timeline__item-text microcopy\">\n                                Nysn\u00f8 gj\u00f8r sin f\u00f8rste fondsinvestering.                                                            <\/div>\n                                                    <\/div>\n                        <div class=\"timeline__item-ghost\"><\/div>\n                    <\/div>\n\n                \n                    <div class=\"timeline__item\">\n                        <div class=\"timeline__item-content\">\n                            <div class=\"timeline__item-year\">\n                                2024                            <\/div>\n                            <div class=\"timeline__item-text microcopy\">\n                                Etter gradvis oppskalering har Nysn\u00f8 ved starten av \u00e5ret 5,5 milliarder kroner \u00e5 forvalte.                                                            <\/div>\n                                                    <\/div>\n                        <div class=\"timeline__item-ghost\"><\/div>\n                    <\/div>\n\n                \n                    <div class=\"timeline__item\">\n                        <div class=\"timeline__item-content\">\n                            <div class=\"timeline__item-year\">\n                                2026                            <\/div>\n                            <div class=\"timeline__item-text microcopy\">\n                                Nysn\u00f8s portef\u00f8lje best\u00e5r av 49 investeringer. Totalt har Nysn\u00f8 bidratt med kapital til 429 tidligfase klimateknologiselskaper.                                                            <\/div>\n                                                        <div class=\"timeline__item-image-wrap\">\n                                <img decoding=\"async\" width=\"320\" height=\"282\" src=\"https:\/\/nysnoinvest.no\/wp-content\/uploads\/2026\/02\/charger.jpg\" class=\"timeline__item-image\" alt=\"\" loading=\"lazy\" srcset=\"https:\/\/nysnoinvest.no\/wp-content\/uploads\/2026\/02\/charger.jpg 1746w, https:\/\/nysnoinvest.no\/wp-content\/uploads\/2026\/02\/charger-300x264.jpg 300w, https:\/\/nysnoinvest.no\/wp-content\/uploads\/2026\/02\/charger-1024x902.jpg 1024w, https:\/\/nysnoinvest.no\/wp-content\/uploads\/2026\/02\/charger-768x677.jpg 768w, https:\/\/nysnoinvest.no\/wp-content\/uploads\/2026\/02\/charger-1536x1353.jpg 1536w\" sizes=\"auto, (max-width: 320px) 100vw, 320px\" \/>                            <\/div>\n                                                    <\/div>\n                        <div class=\"timeline__item-ghost\"><\/div>\n                    <\/div>\n\n                \n                <svg class=\"icon-chevron-right\" width=\"24\" height=\"24\" viewBox=\"0 0 24 24\" fill=\"none\" xmlns=\"http:\/\/www.w3.org\/2000\/svg\">\n<path d=\"M8.25 4.5L15.75 12L8.25 19.5\" stroke=\"currentColor\" stroke-width=\"2\" stroke-linecap=\"round\" stroke-linejoin=\"round\"\/>\n<\/svg>\n\n                <\/div>\n\n                <div class=\"py-16 lg:py-24\">&nbsp;<\/div>\n            <\/div>\n        <\/div>\n    <\/div>\n<\/section>","protected":false},"excerpt":{"rendered":"","protected":false},"author":1,"featured_media":0,"parent":0,"menu_order":3,"comment_status":"closed","ping_status":"closed","template":"","meta":{"_acf_changed":false,"footnotes":""},"class_list":["post-910","page","type-page","status-publish","hentry"],"acf":[],"_links":{"self":[{"href":"https:\/\/nysnoinvest.no\/no\/wp-json\/wp\/v2\/pages\/910","targetHints":{"allow":["GET"]}}],"collection":[{"href":"https:\/\/nysnoinvest.no\/no\/wp-json\/wp\/v2\/pages"}],"about":[{"href":"https:\/\/nysnoinvest.no\/no\/wp-json\/wp\/v2\/types\/page"}],"author":[{"embeddable":true,"href":"https:\/\/nysnoinvest.no\/no\/wp-json\/wp\/v2\/users\/1"}],"replies":[{"embeddable":true,"href":"https:\/\/nysnoinvest.no\/no\/wp-json\/wp\/v2\/comments?post=910"}],"version-history":[{"count":0,"href":"https:\/\/nysnoinvest.no\/no\/wp-json\/wp\/v2\/pages\/910\/revisions"}],"wp:attachment":[{"href":"https:\/\/nysnoinvest.no\/no\/wp-json\/wp\/v2\/media?parent=910"}],"curies":[{"name":"wp","href":"https:\/\/api.w.org\/{rel}","templated":true}]}}