{"id":931,"date":"2026-02-19T14:49:47","date_gmt":"2026-02-19T14:49:47","guid":{"rendered":"https:\/\/nysnoinvest.no\/personvernerklaering\/"},"modified":"2026-04-20T12:50:41","modified_gmt":"2026-04-20T12:50:41","slug":"personvernerklaering","status":"publish","type":"page","link":"https:\/\/nysnoinvest.no\/no\/personvernerklaering\/","title":{"rendered":"Personvernerkl\u00e6ring"},"content":{"rendered":"\n<h2 class=\"wp-block-heading\"><strong>Personvernerkl\u00e6ring Nysn\u00f8 Klimainvesteringer<\/strong><\/h2>\n\n\n\n<p>I denne Personvernerkl\u00e6ringen finner du informasjon om hvordan vi behandler og lagrer personopplysninger du deler med oss, og hvilke rettigheter du har.<\/p>\n\n\n\n<p><strong>Hva er en personopplysning?<\/strong><\/p>\n\n\n\n<p>En personopplysning er en opplysning som kan knyttes til deg som person, for eksempel navn, adresse, telefonnummer, e-postadresse og personnummer.<\/p>\n\n\n\n<p><strong>Hva registrerer Nysn\u00f8 og hvorfor?<\/strong><\/p>\n\n\n\n<p>N\u00e5r du kontakter oss vil vi lagre din henvendelse og din kontaktinformasjon slik at vi kan svare deg p\u00e5 best mulig m\u00e5te. P\u00e5 v\u00e5r nettside kan du ogs\u00e5 registrere deg som mottaker av v\u00e5rt nyhetsbrev p\u00e5 e-post, og vi lagrer din e-post adresse for \u00e5 kunne sende deg nyhetsbrev. Ved \u00e5 registrere din henvendelse eller abonnere p\u00e5 v\u00e5rt nyhetsbrev, samtykker du til behandling av personopplysningene du har gitt oss.<\/p>\n\n\n\n<p><strong>Hvor lenge beholder Nysn\u00f8 personopplysningene?<\/strong><\/p>\n\n\n\n<p>Nysn\u00f8 beholder personopplysningene inntil form\u00e5let \u2013 \u00e5 behandle din henvendelse \u2013 er oppfylt. I noen tilfeller vil det ta tid f\u00f8r du f\u00e5r et endelig svar, for eksempel dersom du kontakter oss vedr\u00f8rende en jobbmulighet eller med investeringsforslag. I slike tilfeller vil vi beholde informasjonen s\u00e5 lenge det er n\u00f8dvendig for vurdering av henvendelsen.<\/p>\n\n\n\n<p>Nysn\u00f8 skal rutinemessig slette personopplysningene n\u00e5r form\u00e5let med behandlingen er oppfylt. Hvis du melder deg av v\u00e5rt nyhetsbrev sletter vi din e-postadresse.<\/p>\n\n\n\n<p><strong>Hva skjer n\u00e5r du bes\u00f8ker Nysn\u00f8 digitalt?<\/strong><\/p>\n\n\n\n<p>N\u00e5r du bes\u00f8ker v\u00e5r hjemmeside&nbsp;<a href=\"http:\/\/www.nysnoinvest.no\/\">www.nysnoinvest.no<\/a>&nbsp;eller g\u00e5r inn p\u00e5 Nysn\u00f8 p\u00e5 sosiale medier som Facebook og LinkedIn legges det igjen digitale spor.<\/p>\n\n\n\n<p>Disse sosiale mediene har sine egne regler for behandling av dine personopplysninger, som du godtar ved \u00e5 akseptere deres brukervilk\u00e5r. Dette kan ikke Nysn\u00f8 p\u00e5virke.<\/p>\n\n\n\n<p>Nysn\u00f8 bruker Google Analytics til trafikkanalyse p\u00e5 v\u00e5r hjemmeside.. Du kan reservere deg mot Google Analytics (se informasjon om selskapets personvern&nbsp;<a href=\"https:\/\/support.google.com\/analytics\/answer\/6004245\">her<\/a>).<\/p>\n\n\n\n<p><strong>Bruk av informasjonskapsler (cookies)<\/strong><\/p>\n\n\n\n<p>Informasjonskapsler er sm\u00e5 datafiler som plasseres p\u00e5 din datamaskin eller mobile enhet n\u00e5r du laster inn en nettside.&nbsp; Vi bruker informasjonskapsler for at nettsiden skal fungere bedre.<\/p>\n\n\n\n<p>Dersom du ikke vil tillate lagring av informasjonskapsler p\u00e5 din maskin kan du skru av funksjonen i din nettleser. V\u00e6r oppmerksom p\u00e5 at dette kan gj\u00f8re at b\u00e5de Nysn\u00f8s hjemmeside og andre nettsider fungerer d\u00e5rligere.<\/p>\n\n\n\n<p>Du kan slette informasjonskapsler ved \u00e5 f\u00f8lge instruksjonene for sletting av informasjonskapsler i din nettleser. Les mer om dette p\u00e5&nbsp;<a href=\"https:\/\/nettvett.no\/slik-administrer-du-informasjonskapsler\/\">Nettvett<\/a>.<\/p>\n\n\n\n<p><strong>Dine rettigheter<\/strong><\/p>\n\n\n\n<p>Du har noen lovbestemte rettigheter knyttet til dine personopplysninger. Du kan lese mer om dine rettigheter hos&nbsp;<a href=\"https:\/\/datatilsynet.no\/rettigheter-og-plikter\/den-registrertes-rettigheter\/\">Datatilsynet<\/a>. Hvis du vil ut\u00f8ve dine rettigheter sender du e-post til post@nysnoinvest.no. Vi besvarer din henvendelse innen 30 dager.<\/p>\n\n\n\n<p><strong>Innsyn i egne opplysninger<\/strong><\/p>\n\n\n\n<p>Du kan be om en kopi av alle opplysninger vi behandler om deg.<\/p>\n\n\n\n<p><strong>Retting av personopplysninger<\/strong><\/p>\n\n\n\n<p>Du kan be oss rette eller supplere opplysninger som er feilaktige eller misvisende.<\/p>\n\n\n\n<p><strong>Sletting av personopplysninger<\/strong><\/p>\n\n\n\n<p>I enkelte tilfeller kan du kreve at personopplysninger om deg slettes, for eksempel hvis du trekker tilbake et samtykke til behandling av personopplysninger.<\/p>\n\n\n\n<p><strong>Reservasjon<\/strong><\/p>\n\n\n\n<p>Du har rett til \u00e5 kreve begrenset behandling av dine personopplysninger. I visse situasjoner kan du ha rett til \u00e5 protestere mot behandling av personopplysninger. Du kan ogs\u00e5 motsette deg at det foretas automatiserte individuelle avgj\u00f8relser knyttet til deg, som for eksempel profilering.<\/p>\n\n\n\n<p><strong>Dataportabilitet<\/strong><\/p>\n\n\n\n<p>Du har rett til \u00e5 f\u00e5 personopplysninger vi har registrert p\u00e5 deg overf\u00f8rt til deg eller en annen behandlingsansvarlig i et maskinlesbart format.<\/p>\n\n\n\n<p><strong>Klage<\/strong><\/p>\n\n\n\n<p>Datatilsynet f\u00f8rer tilsyn med hvordan virksomheter behandler personopplysninger og behandler klager fra registrerte som mener seg utsatt for brudd p\u00e5 personvernlovgivningen. P\u00e5 Datatilsynets nettside kan du lese mer om&nbsp;<a href=\"https:\/\/www.datatilsynet.no\/om-datatilsynet\/kontakt-oss\/hvordan-kan-jeg-klage-til-datatilsynet\/\">hvordan du kan klage<\/a>.<\/p>\n\n\n\n<p><strong>Behandlingsansvarlig<\/strong><\/p>\n\n\n\n<p>Behandlingsansvarlig er den som bestemmer form\u00e5let med behandlingen av personopplysninger. I Nysn\u00f8 er administrerende direkt\u00f8r behandlingsansvarlig.<\/p>\n","protected":false},"excerpt":{"rendered":"<p>Personvernerkl\u00e6ring Nysn\u00f8 Klimainvesteringer I denne Personvernerkl\u00e6ringen finner du informasjon om hvordan vi behandler og lagrer personopplysninger du deler med oss, og hvilke rettigheter du har&#8230;.<\/p>\n","protected":false},"author":1,"featured_media":0,"parent":0,"menu_order":6,"comment_status":"closed","ping_status":"closed","template":"","meta":{"_acf_changed":false,"footnotes":""},"class_list":["post-931","page","type-page","status-publish","hentry"],"acf":[],"_links":{"self":[{"href":"https:\/\/nysnoinvest.no\/no\/wp-json\/wp\/v2\/pages\/931","targetHints":{"allow":["GET"]}}],"collection":[{"href":"https:\/\/nysnoinvest.no\/no\/wp-json\/wp\/v2\/pages"}],"about":[{"href":"https:\/\/nysnoinvest.no\/no\/wp-json\/wp\/v2\/types\/page"}],"author":[{"embeddable":true,"href":"https:\/\/nysnoinvest.no\/no\/wp-json\/wp\/v2\/users\/1"}],"replies":[{"embeddable":true,"href":"https:\/\/nysnoinvest.no\/no\/wp-json\/wp\/v2\/comments?post=931"}],"version-history":[{"count":0,"href":"https:\/\/nysnoinvest.no\/no\/wp-json\/wp\/v2\/pages\/931\/revisions"}],"wp:attachment":[{"href":"https:\/\/nysnoinvest.no\/no\/wp-json\/wp\/v2\/media?parent=931"}],"curies":[{"name":"wp","href":"https:\/\/api.w.org\/{rel}","templated":true}]}}